{"id":99,"date":"2015-02-17T14:19:38","date_gmt":"2015-02-17T13:19:38","guid":{"rendered":"http:\/\/hx-terraristik.de\/?page_id=99"},"modified":"2015-02-19T23:15:10","modified_gmt":"2015-02-19T22:15:10","slug":"taggecko-terrarien","status":"publish","type":"page","link":"https:\/\/hx-terraristik.de\/?page_id=99","title":{"rendered":"Taggecko-Terrarien"},"content":{"rendered":"<p>Alle Taggecko-Terrarien besitzen eine L\u00fcftungsfl\u00e4che am Deckel, so wie an der Front, die Front ist abgeschr\u00e4gt, so dass die Tiere es schwerer haben die Vorderseite zu verschmutzen.<\/p>\n<p>Auf Wunsch k\u00f6nnen im Deckel L\u00f6cher f\u00fcr Beregnungsanlagen gebohrt werden (10, 12 oder 13mm), hier kostet jede Bohrung 6,00\u20ac.<\/p>\n<p><a href=\"http:\/\/hx-terraristik.de\/wp-content\/uploads\/2015\/02\/a6ee481ace7da122a6b8a46fdd096863.jpg\"><img decoding=\"async\" class=\"  wp-image-279 alignright\" src=\"http:\/\/hx-terraristik.de\/wp-content\/uploads\/2015\/02\/a6ee481ace7da122a6b8a46fdd096863.jpg\" alt=\"a6ee481ace7da122a6b8a46fdd096863\" width=\"314\" height=\"369\" srcset=\"https:\/\/hx-terraristik.de\/wp-content\/uploads\/2015\/02\/a6ee481ace7da122a6b8a46fdd096863-255x300.jpg 255w, https:\/\/hx-terraristik.de\/wp-content\/uploads\/2015\/02\/a6ee481ace7da122a6b8a46fdd096863.jpg 671w\" sizes=\"(max-width: 314px) 100vw, 314px\" \/><\/a><\/p>\n<p>Standardm\u00e4\u00dfig bauen wir unsere Terrarien mit schwarzem Silikon, sollte dies nicht gew\u00fcnscht sein, bieten wir Ihnen die M\u00f6glichkeit\u00a0\u00a0transparentes Silikon zu verarbeiten.<\/p>\n<p>Alle Sonderw\u00fcnsche m\u00fcssen bei der Bestellung aufgegeben werden.<\/p>\n<p>Sollte Ihr Wunschterrarium nicht dabei sein, so schreiben Sie uns einfach, oder Rufen uns an. Gerne machen wir Ihnen ein individuelles Angebot f\u00fcr Ihr Wunschterrarium.<\/p>\n<p>Alle Ma\u00dfe in cm, wenn nicht anders angegeben. Und Preise in \u20ac.<\/p>\n\n<table id=\"tablepress-5\" class=\"tablepress tablepress-id-5\">\n<thead>\n<tr class=\"row-1\">\n\t<th class=\"column-1\">Glasst\u00e4rke in mm<\/th><th class=\"column-2\">L\u00e4nge<\/th><th class=\"column-3\">Breite\/Tiefe<\/th><th class=\"column-4\">H\u00f6he<\/th><th class=\"column-5\">Preis in \u20ac<\/th>\n<\/tr>\n<\/thead>\n<tbody class=\"row-striping row-hover\">\n<tr class=\"row-2\">\n\t<td class=\"column-1\">4<\/td><td class=\"column-2\">30<\/td><td class=\"column-3\">30<\/td><td class=\"column-4\">50<\/td><td class=\"column-5\">59,50<\/td>\n<\/tr>\n<tr class=\"row-3\">\n\t<td class=\"column-1\">4<\/td><td class=\"column-2\">35<\/td><td class=\"column-3\">35<\/td><td class=\"column-4\">50<\/td><td class=\"column-5\">64,00<\/td>\n<\/tr>\n<tr class=\"row-4\">\n\t<td class=\"column-1\">4<\/td><td class=\"column-2\">40<\/td><td class=\"column-3\">40<\/td><td class=\"column-4\">60<\/td><td class=\"column-5\">75,00<\/td>\n<\/tr>\n<tr class=\"row-5\">\n\t<td class=\"column-1\">4<\/td><td class=\"column-2\">40<\/td><td class=\"column-3\">40<\/td><td class=\"column-4\">80<\/td><td class=\"column-5\">94,00<\/td>\n<\/tr>\n<tr class=\"row-6\">\n\t<td class=\"column-1\">4<\/td><td class=\"column-2\">50<\/td><td class=\"column-3\">40<\/td><td class=\"column-4\">60<\/td><td class=\"column-5\">84,00<\/td>\n<\/tr>\n<tr class=\"row-7\">\n\t<td class=\"column-1\">4<\/td><td class=\"column-2\">50<\/td><td class=\"column-3\">40<\/td><td class=\"column-4\">80<\/td><td class=\"column-5\">100,00<\/td>\n<\/tr>\n<tr class=\"row-8\">\n\t<td class=\"column-1\">4<\/td><td class=\"column-2\">50<\/td><td class=\"column-3\">50<\/td><td class=\"column-4\">80<\/td><td class=\"column-5\">104,00<\/td>\n<\/tr>\n<tr class=\"row-9\">\n\t<td class=\"column-1\">4u.5<\/td><td class=\"column-2\">50<\/td><td class=\"column-3\">50<\/td><td class=\"column-4\">100<\/td><td class=\"column-5\">129,00<\/td>\n<\/tr>\n<tr class=\"row-10\">\n\t<td class=\"column-1\">4u.5<\/td><td class=\"column-2\">50<\/td><td class=\"column-3\">50<\/td><td class=\"column-4\">120<\/td><td class=\"column-5\">159,00<\/td>\n<\/tr>\n<tr class=\"row-11\">\n\t<td class=\"column-1\">4u.5<\/td><td class=\"column-2\">60<\/td><td class=\"column-3\">40<\/td><td class=\"column-4\">50<\/td><td class=\"column-5\">89,00<\/td>\n<\/tr>\n<tr class=\"row-12\">\n\t<td class=\"column-1\">4u.5<\/td><td class=\"column-2\">60<\/td><td class=\"column-3\">40<\/td><td class=\"column-4\">60<\/td><td class=\"column-5\">99,00<\/td>\n<\/tr>\n<tr class=\"row-13\">\n\t<td class=\"column-1\">4u.5<\/td><td class=\"column-2\">60<\/td><td class=\"column-3\">50<\/td><td class=\"column-4\">120<\/td><td class=\"column-5\">179,00<\/td>\n<\/tr>\n<tr class=\"row-14\">\n\t<td class=\"column-1\">4u.6<\/td><td class=\"column-2\">60<\/td><td class=\"column-3\">60<\/td><td class=\"column-4\">120<\/td><td class=\"column-5\">219,00<\/td>\n<\/tr>\n<tr class=\"row-15\">\n\t<td class=\"column-1\">4u5<\/td><td class=\"column-2\">80<\/td><td class=\"column-3\">40<\/td><td class=\"column-4\">80<\/td><td class=\"column-5\">109,00<\/td>\n<\/tr>\n<tr class=\"row-16\">\n\t<td class=\"column-1\">4u.6<\/td><td class=\"column-2\">80<\/td><td class=\"column-3\">50<\/td><td class=\"column-4\">120<\/td><td class=\"column-5\">219,00<\/td>\n<\/tr>\n<tr class=\"row-17\">\n\t<td class=\"column-1\">4u.6<\/td><td class=\"column-2\">100<\/td><td class=\"column-3\">50<\/td><td class=\"column-4\">100<\/td><td class=\"column-5\">219,00<\/td>\n<\/tr>\n<tr class=\"row-18\">\n\t<td class=\"column-1\">4u.6<\/td><td class=\"column-2\">100<\/td><td class=\"column-3\">60<\/td><td class=\"column-4\">120<\/td><td class=\"column-5\">269,00<\/td>\n<\/tr>\n<\/tbody>\n<\/table>\n<!-- #tablepress-5 from cache -->\n","protected":false},"excerpt":{"rendered":"<p>Alle Taggecko-Terrarien besitzen eine L\u00fcftungsfl\u00e4che am Deckel, so wie an  [&#8230;]<\/p>\n","protected":false},"author":1,"featured_media":0,"parent":85,"menu_order":0,"comment_status":"closed","ping_status":"closed","template":"","meta":{"footnotes":""},"class_list":["post-99","page","type-page","status-publish","hentry"],"yoast_head":"<!-- This site is optimized with the Yoast SEO plugin v27.3 - https:\/\/yoast.com\/product\/yoast-seo-wordpress\/ -->\n<title>Taggecko-Terrarien - HX-Terraristik<\/title>\n<meta name=\"robots\" content=\"index, follow, max-snippet:-1, max-image-preview:large, max-video-preview:-1\" \/>\n<link rel=\"canonical\" href=\"https:\/\/hx-terraristik.de\/?page_id=99\" \/>\n<meta property=\"og:locale\" content=\"de_DE\" \/>\n<meta property=\"og:type\" content=\"article\" \/>\n<meta property=\"og:title\" content=\"Taggecko-Terrarien - HX-Terraristik\" \/>\n<meta property=\"og:description\" content=\"Alle Taggecko-Terrarien besitzen eine L\u00fcftungsfl\u00e4che am Deckel, so wie an [...]\" \/>\n<meta property=\"og:url\" content=\"https:\/\/hx-terraristik.de\/?page_id=99\" \/>\n<meta property=\"og:site_name\" content=\"HX-Terraristik\" \/>\n<meta property=\"article:modified_time\" content=\"2015-02-19T22:15:10+00:00\" \/>\n<meta property=\"og:image\" content=\"http:\/\/hx-terraristik.de\/wp-content\/uploads\/2015\/02\/a6ee481ace7da122a6b8a46fdd096863.jpg\" \/>\n<meta name=\"twitter:card\" content=\"summary_large_image\" \/>\n<meta name=\"twitter:label1\" content=\"Gesch\u00e4tzte Lesezeit\" \/>\n\t<meta name=\"twitter:data1\" content=\"1\u00a0Minute\" \/>\n<script type=\"application\/ld+json\" class=\"yoast-schema-graph\">{\"@context\":\"https:\\\/\\\/schema.org\",\"@graph\":[{\"@type\":\"WebPage\",\"@id\":\"https:\\\/\\\/hx-terraristik.de\\\/?page_id=99\",\"url\":\"https:\\\/\\\/hx-terraristik.de\\\/?page_id=99\",\"name\":\"Taggecko-Terrarien - HX-Terraristik\",\"isPartOf\":{\"@id\":\"https:\\\/\\\/hx-terraristik.de\\\/#website\"},\"primaryImageOfPage\":{\"@id\":\"https:\\\/\\\/hx-terraristik.de\\\/?page_id=99#primaryimage\"},\"image\":{\"@id\":\"https:\\\/\\\/hx-terraristik.de\\\/?page_id=99#primaryimage\"},\"thumbnailUrl\":\"http:\\\/\\\/hx-terraristik.de\\\/wp-content\\\/uploads\\\/2015\\\/02\\\/a6ee481ace7da122a6b8a46fdd096863.jpg\",\"datePublished\":\"2015-02-17T13:19:38+00:00\",\"dateModified\":\"2015-02-19T22:15:10+00:00\",\"breadcrumb\":{\"@id\":\"https:\\\/\\\/hx-terraristik.de\\\/?page_id=99#breadcrumb\"},\"inLanguage\":\"de\",\"potentialAction\":[{\"@type\":\"ReadAction\",\"target\":[\"https:\\\/\\\/hx-terraristik.de\\\/?page_id=99\"]}]},{\"@type\":\"ImageObject\",\"inLanguage\":\"de\",\"@id\":\"https:\\\/\\\/hx-terraristik.de\\\/?page_id=99#primaryimage\",\"url\":\"https:\\\/\\\/hx-terraristik.de\\\/wp-content\\\/uploads\\\/2015\\\/02\\\/a6ee481ace7da122a6b8a46fdd096863.jpg\",\"contentUrl\":\"https:\\\/\\\/hx-terraristik.de\\\/wp-content\\\/uploads\\\/2015\\\/02\\\/a6ee481ace7da122a6b8a46fdd096863.jpg\",\"width\":671,\"height\":788},{\"@type\":\"BreadcrumbList\",\"@id\":\"https:\\\/\\\/hx-terraristik.de\\\/?page_id=99#breadcrumb\",\"itemListElement\":[{\"@type\":\"ListItem\",\"position\":1,\"name\":\"Startseite\",\"item\":\"https:\\\/\\\/hx-terraristik.de\\\/\"},{\"@type\":\"ListItem\",\"position\":2,\"name\":\"Terrarien\",\"item\":\"https:\\\/\\\/hx-terraristik.de\\\/?page_id=85\"},{\"@type\":\"ListItem\",\"position\":3,\"name\":\"Taggecko-Terrarien\"}]},{\"@type\":\"WebSite\",\"@id\":\"https:\\\/\\\/hx-terraristik.de\\\/#website\",\"url\":\"https:\\\/\\\/hx-terraristik.de\\\/\",\"name\":\"HX-Terraristik\",\"description\":\"Der Terrarienbau-Spezialist\",\"potentialAction\":[{\"@type\":\"SearchAction\",\"target\":{\"@type\":\"EntryPoint\",\"urlTemplate\":\"https:\\\/\\\/hx-terraristik.de\\\/?s={search_term_string}\"},\"query-input\":{\"@type\":\"PropertyValueSpecification\",\"valueRequired\":true,\"valueName\":\"search_term_string\"}}],\"inLanguage\":\"de\"}]}<\/script>\n<!-- \/ Yoast SEO plugin. -->","yoast_head_json":{"title":"Taggecko-Terrarien - HX-Terraristik","robots":{"index":"index","follow":"follow","max-snippet":"max-snippet:-1","max-image-preview":"max-image-preview:large","max-video-preview":"max-video-preview:-1"},"canonical":"https:\/\/hx-terraristik.de\/?page_id=99","og_locale":"de_DE","og_type":"article","og_title":"Taggecko-Terrarien - HX-Terraristik","og_description":"Alle Taggecko-Terrarien besitzen eine L\u00fcftungsfl\u00e4che am Deckel, so wie an [...]","og_url":"https:\/\/hx-terraristik.de\/?page_id=99","og_site_name":"HX-Terraristik","article_modified_time":"2015-02-19T22:15:10+00:00","og_image":[{"url":"http:\/\/hx-terraristik.de\/wp-content\/uploads\/2015\/02\/a6ee481ace7da122a6b8a46fdd096863.jpg","type":"","width":"","height":""}],"twitter_card":"summary_large_image","twitter_misc":{"Gesch\u00e4tzte Lesezeit":"1\u00a0Minute"},"schema":{"@context":"https:\/\/schema.org","@graph":[{"@type":"WebPage","@id":"https:\/\/hx-terraristik.de\/?page_id=99","url":"https:\/\/hx-terraristik.de\/?page_id=99","name":"Taggecko-Terrarien - HX-Terraristik","isPartOf":{"@id":"https:\/\/hx-terraristik.de\/#website"},"primaryImageOfPage":{"@id":"https:\/\/hx-terraristik.de\/?page_id=99#primaryimage"},"image":{"@id":"https:\/\/hx-terraristik.de\/?page_id=99#primaryimage"},"thumbnailUrl":"http:\/\/hx-terraristik.de\/wp-content\/uploads\/2015\/02\/a6ee481ace7da122a6b8a46fdd096863.jpg","datePublished":"2015-02-17T13:19:38+00:00","dateModified":"2015-02-19T22:15:10+00:00","breadcrumb":{"@id":"https:\/\/hx-terraristik.de\/?page_id=99#breadcrumb"},"inLanguage":"de","potentialAction":[{"@type":"ReadAction","target":["https:\/\/hx-terraristik.de\/?page_id=99"]}]},{"@type":"ImageObject","inLanguage":"de","@id":"https:\/\/hx-terraristik.de\/?page_id=99#primaryimage","url":"https:\/\/hx-terraristik.de\/wp-content\/uploads\/2015\/02\/a6ee481ace7da122a6b8a46fdd096863.jpg","contentUrl":"https:\/\/hx-terraristik.de\/wp-content\/uploads\/2015\/02\/a6ee481ace7da122a6b8a46fdd096863.jpg","width":671,"height":788},{"@type":"BreadcrumbList","@id":"https:\/\/hx-terraristik.de\/?page_id=99#breadcrumb","itemListElement":[{"@type":"ListItem","position":1,"name":"Startseite","item":"https:\/\/hx-terraristik.de\/"},{"@type":"ListItem","position":2,"name":"Terrarien","item":"https:\/\/hx-terraristik.de\/?page_id=85"},{"@type":"ListItem","position":3,"name":"Taggecko-Terrarien"}]},{"@type":"WebSite","@id":"https:\/\/hx-terraristik.de\/#website","url":"https:\/\/hx-terraristik.de\/","name":"HX-Terraristik","description":"Der Terrarienbau-Spezialist","potentialAction":[{"@type":"SearchAction","target":{"@type":"EntryPoint","urlTemplate":"https:\/\/hx-terraristik.de\/?s={search_term_string}"},"query-input":{"@type":"PropertyValueSpecification","valueRequired":true,"valueName":"search_term_string"}}],"inLanguage":"de"}]}},"_links":{"self":[{"href":"https:\/\/hx-terraristik.de\/index.php?rest_route=\/wp\/v2\/pages\/99","targetHints":{"allow":["GET"]}}],"collection":[{"href":"https:\/\/hx-terraristik.de\/index.php?rest_route=\/wp\/v2\/pages"}],"about":[{"href":"https:\/\/hx-terraristik.de\/index.php?rest_route=\/wp\/v2\/types\/page"}],"author":[{"embeddable":true,"href":"https:\/\/hx-terraristik.de\/index.php?rest_route=\/wp\/v2\/users\/1"}],"replies":[{"embeddable":true,"href":"https:\/\/hx-terraristik.de\/index.php?rest_route=%2Fwp%2Fv2%2Fcomments&post=99"}],"version-history":[{"count":0,"href":"https:\/\/hx-terraristik.de\/index.php?rest_route=\/wp\/v2\/pages\/99\/revisions"}],"up":[{"embeddable":true,"href":"https:\/\/hx-terraristik.de\/index.php?rest_route=\/wp\/v2\/pages\/85"}],"wp:attachment":[{"href":"https:\/\/hx-terraristik.de\/index.php?rest_route=%2Fwp%2Fv2%2Fmedia&parent=99"}],"curies":[{"name":"wp","href":"https:\/\/api.w.org\/{rel}","templated":true}]}}