{"id":97,"date":"2015-02-17T14:19:18","date_gmt":"2015-02-17T13:19:18","guid":{"rendered":"http:\/\/hx-terraristik.de\/?page_id=97"},"modified":"2024-09-17T20:15:04","modified_gmt":"2024-09-17T18:15:04","slug":"dendrobaten-terrarien","status":"publish","type":"page","link":"https:\/\/hx-terraristik.de\/?page_id=97","title":{"rendered":"Frosch-Terrarien"},"content":{"rendered":"<div class=\"fusion-fullwidth fullwidth-box fusion-builder-row-1 fusion-flex-container nonhundred-percent-fullwidth non-hundred-percent-height-scrolling\" style=\"--awb-border-radius-top-left:0px;--awb-border-radius-top-right:0px;--awb-border-radius-bottom-right:0px;--awb-border-radius-bottom-left:0px;--awb-flex-wrap:wrap;\" ><div class=\"fusion-builder-row fusion-row fusion-flex-align-items-flex-start fusion-flex-content-wrap\" style=\"max-width:1248px;margin-left: calc(-4% \/ 2 );margin-right: calc(-4% \/ 2 );\"><div class=\"fusion-layout-column fusion_builder_column fusion-builder-column-0 fusion_builder_column_1_1 1_1 fusion-flex-column\" style=\"--awb-bg-blend:overlay;--awb-bg-size:cover;--awb-width-large:100%;--awb-margin-top-large:0px;--awb-spacing-right-large:1.92%;--awb-margin-bottom-large:0px;--awb-spacing-left-large:1.92%;--awb-width-medium:100%;--awb-spacing-right-medium:1.92%;--awb-spacing-left-medium:1.92%;--awb-width-small:100%;--awb-spacing-right-small:1.92%;--awb-spacing-left-small:1.92%;\"><div class=\"fusion-column-wrapper fusion-flex-justify-content-flex-start fusion-content-layout-column\"><div class=\"fusion-text fusion-text-1\"><p><a href=\"https:\/\/hx-terraristik.de\/wp-content\/uploads\/2021\/03\/WhatsApp-Image-2021-03-19-at-18.01.54.jpeg\"><img decoding=\"async\" class=\"wp-image-683 alignright\" src=\"https:\/\/hx-terraristik.de\/wp-content\/uploads\/2021\/03\/WhatsApp-Image-2021-03-19-at-18.01.54.jpeg\" alt=\"\" width=\"292\" height=\"244\" srcset=\"https:\/\/hx-terraristik.de\/wp-content\/uploads\/2021\/03\/WhatsApp-Image-2021-03-19-at-18.01.54-300x250.jpeg 300w, https:\/\/hx-terraristik.de\/wp-content\/uploads\/2021\/03\/WhatsApp-Image-2021-03-19-at-18.01.54-768x639.jpeg 768w, https:\/\/hx-terraristik.de\/wp-content\/uploads\/2021\/03\/WhatsApp-Image-2021-03-19-at-18.01.54.jpeg 860w\" sizes=\"(max-width: 292px) 100vw, 292px\" \/><\/a>Alle Frosch-Terrarien besitzen einen doppelten Boden, der wahlweise eine 22 oder 26mm starke Abflussbohrung hat, auch geh\u00f6rt zu den Frosch-Terrarien eine Bohrung in wahlweise 10, 12 oder 13mm ,f\u00fcr die Beregnungsanlage jede weitere Bohrung kostet 6,00\u20ac.<\/p>\n<p>Standardm\u00e4\u00dfig bauen wir unsere Terrarien mit schwarzem Silikon, sollte dies nicht gew\u00fcnscht sein, bieten wir Ihnen die M\u00f6glichkeit transparentes Silikon zu verarbeiten.<\/p>\n<p>Alle Sonderw\u00fcnsche m\u00fcssen bei der Bestellung aufgegeben werden.<\/p>\n<p>Sollte Ihr Wunschterrarium nicht dabei sein, so schreiben Sie uns einfach, oder Rufen uns an. Gerne machen wir Ihnen ein individuelles Angebot f\u00fcr Ihr Wunschterrarium.<\/p>\n<p>Alle Ma\u00dfe in cm, wenn nicht anders angegeben. Und Preise in \u20ac.<\/p>\n<div id=\"tablepress-7_wrapper\" class=\"dataTables_wrapper no-footer\">\n<div class=\"dataTables_scroll\">\n<div class=\"dataTables_scrollHead\" style=\"overflow: hidden; position: relative; border: 0px; width: 100%;\">\n<div class=\"dataTables_scrollHeadInner\" style=\"box-sizing: content-box; width: 1200.08px; padding-right: 15px;\">\n<table id=\"tablepress-7\" class=\"tablepress tablepress-id-7\">\n<thead>\n<tr class=\"row-1\">\n\t<th class=\"column-1\">Glasst\u00e4rke in mm<\/th><th class=\"column-2\">L\u00e4nge<\/th><th class=\"column-3\">Breite\/Tiefe<\/th><th class=\"column-4\">H\u00f6he<\/th><th class=\"column-5\">Preis in \u20ac<\/th>\n<\/tr>\n<\/thead>\n<tbody class=\"row-striping row-hover\">\n<tr class=\"row-2\">\n\t<td class=\"column-1\">4<\/td><td class=\"column-2\">30<\/td><td class=\"column-3\">30<\/td><td class=\"column-4\">30<\/td><td class=\"column-5\">55,00<\/td>\n<\/tr>\n<tr class=\"row-3\">\n\t<td class=\"column-1\">4<\/td><td class=\"column-2\">30<\/td><td class=\"column-3\">30<\/td><td class=\"column-4\">40<\/td><td class=\"column-5\">59,00<\/td>\n<\/tr>\n<tr class=\"row-4\">\n\t<td class=\"column-1\">4<\/td><td class=\"column-2\">40<\/td><td class=\"column-3\">40<\/td><td class=\"column-4\">40<\/td><td class=\"column-5\">85,00<\/td>\n<\/tr>\n<tr class=\"row-5\">\n\t<td class=\"column-1\">4<\/td><td class=\"column-2\">45<\/td><td class=\"column-3\">45<\/td><td class=\"column-4\">60<\/td><td class=\"column-5\">105,00<\/td>\n<\/tr>\n<tr class=\"row-6\">\n\t<td class=\"column-1\">4<\/td><td class=\"column-2\">50<\/td><td class=\"column-3\">40<\/td><td class=\"column-4\">40<\/td><td class=\"column-5\">95,00<\/td>\n<\/tr>\n<tr class=\"row-7\">\n\t<td class=\"column-1\">4<\/td><td class=\"column-2\">50<\/td><td class=\"column-3\">50<\/td><td class=\"column-4\">50<\/td><td class=\"column-5\">120,00<\/td>\n<\/tr>\n<tr class=\"row-8\">\n\t<td class=\"column-1\">4<\/td><td class=\"column-2\">50<\/td><td class=\"column-3\">50<\/td><td class=\"column-4\">60<\/td><td class=\"column-5\">125,00<\/td>\n<\/tr>\n<tr class=\"row-9\">\n\t<td class=\"column-1\">5<\/td><td class=\"column-2\">50<\/td><td class=\"column-3\">50<\/td><td class=\"column-4\">80<\/td><td class=\"column-5\">150,00<\/td>\n<\/tr>\n<tr class=\"row-10\">\n\t<td class=\"column-1\">5<\/td><td class=\"column-2\">50<\/td><td class=\"column-3\">50<\/td><td class=\"column-4\">100<\/td><td class=\"column-5\">160,00<\/td>\n<\/tr>\n<tr class=\"row-11\">\n\t<td class=\"column-1\">5<\/td><td class=\"column-2\">50<\/td><td class=\"column-3\">50<\/td><td class=\"column-4\">120<\/td><td class=\"column-5\">180,00<\/td>\n<\/tr>\n<tr class=\"row-12\">\n\t<td class=\"column-1\">4<\/td><td class=\"column-2\">60<\/td><td class=\"column-3\">40<\/td><td class=\"column-4\">40<\/td><td class=\"column-5\">115,00<\/td>\n<\/tr>\n<tr class=\"row-13\">\n\t<td class=\"column-1\">5<\/td><td class=\"column-2\">60<\/td><td class=\"column-3\">50<\/td><td class=\"column-4\">60<\/td><td class=\"column-5\">140,00<\/td>\n<\/tr>\n<tr class=\"row-14\">\n\t<td class=\"column-1\">5<\/td><td class=\"column-2\">80<\/td><td class=\"column-3\">50<\/td><td class=\"column-4\">50<\/td><td class=\"column-5\">180,00<\/td>\n<\/tr>\n<tr class=\"row-15\">\n\t<td class=\"column-1\">5<\/td><td class=\"column-2\">100<\/td><td class=\"column-3\">50<\/td><td class=\"column-4\">50<\/td><td class=\"column-5\">210,00<\/td>\n<\/tr>\n<tr class=\"row-16\">\n\t<td class=\"column-1\">5<\/td><td class=\"column-2\">120<\/td><td class=\"column-3\">50<\/td><td class=\"column-4\">50<\/td><td class=\"column-5\">230,00<\/td>\n<\/tr>\n<\/tbody>\n<\/table>\n<!-- #tablepress-7 from cache --><\/div>\n<\/div>\n<\/div>\n<\/div>\n<p><a href=\"https:\/\/hx-terraristik.de\/wp-content\/uploads\/2021\/03\/WhatsApp-Image-2021-03-19-at-18.01.54-1.jpeg\"><img decoding=\"async\" class=\"wp-image-681 aligncenter\" src=\"https:\/\/hx-terraristik.de\/wp-content\/uploads\/2021\/03\/WhatsApp-Image-2021-03-19-at-18.01.54-1.jpeg\" alt=\"\" width=\"571\" height=\"540\" srcset=\"https:\/\/hx-terraristik.de\/wp-content\/uploads\/2021\/03\/WhatsApp-Image-2021-03-19-at-18.01.54-1-300x284.jpeg 300w, https:\/\/hx-terraristik.de\/wp-content\/uploads\/2021\/03\/WhatsApp-Image-2021-03-19-at-18.01.54-1-768x726.jpeg 768w, https:\/\/hx-terraristik.de\/wp-content\/uploads\/2021\/03\/WhatsApp-Image-2021-03-19-at-18.01.54-1.jpeg 788w\" sizes=\"(max-width: 571px) 100vw, 571px\" \/><\/a><img decoding=\"async\" class=\"wp-image-682 alignright\" src=\"https:\/\/hx-terraristik.de\/wp-content\/uploads\/2021\/03\/WhatsApp-Image-2021-03-19-at-18.01.54-2.jpeg\" alt=\"\" width=\"607\" height=\"510\" \/><\/p>\n<\/div><\/div><\/div><\/div><\/div>\n","protected":false},"excerpt":{"rendered":"","protected":false},"author":1,"featured_media":0,"parent":85,"menu_order":0,"comment_status":"closed","ping_status":"closed","template":"","meta":{"footnotes":""},"class_list":["post-97","page","type-page","status-publish","hentry"],"yoast_head":"<!-- This site is optimized with the Yoast SEO plugin v27.3 - https:\/\/yoast.com\/product\/yoast-seo-wordpress\/ -->\n<title>Frosch-Terrarien - HX-Terraristik<\/title>\n<meta name=\"robots\" content=\"index, follow, max-snippet:-1, max-image-preview:large, max-video-preview:-1\" \/>\n<link rel=\"canonical\" href=\"https:\/\/hx-terraristik.de\/?page_id=97\" \/>\n<meta property=\"og:locale\" content=\"de_DE\" \/>\n<meta property=\"og:type\" content=\"article\" \/>\n<meta property=\"og:title\" content=\"Frosch-Terrarien - HX-Terraristik\" \/>\n<meta property=\"og:url\" content=\"https:\/\/hx-terraristik.de\/?page_id=97\" \/>\n<meta property=\"og:site_name\" content=\"HX-Terraristik\" \/>\n<meta property=\"article:modified_time\" content=\"2024-09-17T18:15:04+00:00\" \/>\n<meta property=\"og:image\" content=\"https:\/\/hx-terraristik.de\/wp-content\/uploads\/2021\/03\/WhatsApp-Image-2021-03-19-at-18.01.54.jpeg\" \/>\n\t<meta property=\"og:image:width\" content=\"860\" \/>\n\t<meta property=\"og:image:height\" content=\"716\" \/>\n\t<meta property=\"og:image:type\" content=\"image\/jpeg\" \/>\n<meta name=\"twitter:card\" content=\"summary_large_image\" \/>\n<meta name=\"twitter:label1\" content=\"Gesch\u00e4tzte Lesezeit\" \/>\n\t<meta name=\"twitter:data1\" content=\"2\u00a0Minuten\" \/>\n<script type=\"application\/ld+json\" class=\"yoast-schema-graph\">{\"@context\":\"https:\\\/\\\/schema.org\",\"@graph\":[{\"@type\":\"WebPage\",\"@id\":\"https:\\\/\\\/hx-terraristik.de\\\/?page_id=97\",\"url\":\"https:\\\/\\\/hx-terraristik.de\\\/?page_id=97\",\"name\":\"Frosch-Terrarien - HX-Terraristik\",\"isPartOf\":{\"@id\":\"https:\\\/\\\/hx-terraristik.de\\\/#website\"},\"primaryImageOfPage\":{\"@id\":\"https:\\\/\\\/hx-terraristik.de\\\/?page_id=97#primaryimage\"},\"image\":{\"@id\":\"https:\\\/\\\/hx-terraristik.de\\\/?page_id=97#primaryimage\"},\"thumbnailUrl\":\"https:\\\/\\\/hx-terraristik.de\\\/wp-content\\\/uploads\\\/2021\\\/03\\\/WhatsApp-Image-2021-03-19-at-18.01.54.jpeg\",\"datePublished\":\"2015-02-17T13:19:18+00:00\",\"dateModified\":\"2024-09-17T18:15:04+00:00\",\"breadcrumb\":{\"@id\":\"https:\\\/\\\/hx-terraristik.de\\\/?page_id=97#breadcrumb\"},\"inLanguage\":\"de\",\"potentialAction\":[{\"@type\":\"ReadAction\",\"target\":[\"https:\\\/\\\/hx-terraristik.de\\\/?page_id=97\"]}]},{\"@type\":\"ImageObject\",\"inLanguage\":\"de\",\"@id\":\"https:\\\/\\\/hx-terraristik.de\\\/?page_id=97#primaryimage\",\"url\":\"https:\\\/\\\/hx-terraristik.de\\\/wp-content\\\/uploads\\\/2021\\\/03\\\/WhatsApp-Image-2021-03-19-at-18.01.54.jpeg\",\"contentUrl\":\"https:\\\/\\\/hx-terraristik.de\\\/wp-content\\\/uploads\\\/2021\\\/03\\\/WhatsApp-Image-2021-03-19-at-18.01.54.jpeg\",\"width\":860,\"height\":716},{\"@type\":\"BreadcrumbList\",\"@id\":\"https:\\\/\\\/hx-terraristik.de\\\/?page_id=97#breadcrumb\",\"itemListElement\":[{\"@type\":\"ListItem\",\"position\":1,\"name\":\"Startseite\",\"item\":\"https:\\\/\\\/hx-terraristik.de\\\/\"},{\"@type\":\"ListItem\",\"position\":2,\"name\":\"Terrarien\",\"item\":\"https:\\\/\\\/hx-terraristik.de\\\/?page_id=85\"},{\"@type\":\"ListItem\",\"position\":3,\"name\":\"Frosch-Terrarien\"}]},{\"@type\":\"WebSite\",\"@id\":\"https:\\\/\\\/hx-terraristik.de\\\/#website\",\"url\":\"https:\\\/\\\/hx-terraristik.de\\\/\",\"name\":\"HX-Terraristik\",\"description\":\"Der Terrarienbau-Spezialist\",\"potentialAction\":[{\"@type\":\"SearchAction\",\"target\":{\"@type\":\"EntryPoint\",\"urlTemplate\":\"https:\\\/\\\/hx-terraristik.de\\\/?s={search_term_string}\"},\"query-input\":{\"@type\":\"PropertyValueSpecification\",\"valueRequired\":true,\"valueName\":\"search_term_string\"}}],\"inLanguage\":\"de\"}]}<\/script>\n<!-- \/ Yoast SEO plugin. -->","yoast_head_json":{"title":"Frosch-Terrarien - HX-Terraristik","robots":{"index":"index","follow":"follow","max-snippet":"max-snippet:-1","max-image-preview":"max-image-preview:large","max-video-preview":"max-video-preview:-1"},"canonical":"https:\/\/hx-terraristik.de\/?page_id=97","og_locale":"de_DE","og_type":"article","og_title":"Frosch-Terrarien - HX-Terraristik","og_url":"https:\/\/hx-terraristik.de\/?page_id=97","og_site_name":"HX-Terraristik","article_modified_time":"2024-09-17T18:15:04+00:00","og_image":[{"width":860,"height":716,"url":"https:\/\/hx-terraristik.de\/wp-content\/uploads\/2021\/03\/WhatsApp-Image-2021-03-19-at-18.01.54.jpeg","type":"image\/jpeg"}],"twitter_card":"summary_large_image","twitter_misc":{"Gesch\u00e4tzte Lesezeit":"2\u00a0Minuten"},"schema":{"@context":"https:\/\/schema.org","@graph":[{"@type":"WebPage","@id":"https:\/\/hx-terraristik.de\/?page_id=97","url":"https:\/\/hx-terraristik.de\/?page_id=97","name":"Frosch-Terrarien - HX-Terraristik","isPartOf":{"@id":"https:\/\/hx-terraristik.de\/#website"},"primaryImageOfPage":{"@id":"https:\/\/hx-terraristik.de\/?page_id=97#primaryimage"},"image":{"@id":"https:\/\/hx-terraristik.de\/?page_id=97#primaryimage"},"thumbnailUrl":"https:\/\/hx-terraristik.de\/wp-content\/uploads\/2021\/03\/WhatsApp-Image-2021-03-19-at-18.01.54.jpeg","datePublished":"2015-02-17T13:19:18+00:00","dateModified":"2024-09-17T18:15:04+00:00","breadcrumb":{"@id":"https:\/\/hx-terraristik.de\/?page_id=97#breadcrumb"},"inLanguage":"de","potentialAction":[{"@type":"ReadAction","target":["https:\/\/hx-terraristik.de\/?page_id=97"]}]},{"@type":"ImageObject","inLanguage":"de","@id":"https:\/\/hx-terraristik.de\/?page_id=97#primaryimage","url":"https:\/\/hx-terraristik.de\/wp-content\/uploads\/2021\/03\/WhatsApp-Image-2021-03-19-at-18.01.54.jpeg","contentUrl":"https:\/\/hx-terraristik.de\/wp-content\/uploads\/2021\/03\/WhatsApp-Image-2021-03-19-at-18.01.54.jpeg","width":860,"height":716},{"@type":"BreadcrumbList","@id":"https:\/\/hx-terraristik.de\/?page_id=97#breadcrumb","itemListElement":[{"@type":"ListItem","position":1,"name":"Startseite","item":"https:\/\/hx-terraristik.de\/"},{"@type":"ListItem","position":2,"name":"Terrarien","item":"https:\/\/hx-terraristik.de\/?page_id=85"},{"@type":"ListItem","position":3,"name":"Frosch-Terrarien"}]},{"@type":"WebSite","@id":"https:\/\/hx-terraristik.de\/#website","url":"https:\/\/hx-terraristik.de\/","name":"HX-Terraristik","description":"Der Terrarienbau-Spezialist","potentialAction":[{"@type":"SearchAction","target":{"@type":"EntryPoint","urlTemplate":"https:\/\/hx-terraristik.de\/?s={search_term_string}"},"query-input":{"@type":"PropertyValueSpecification","valueRequired":true,"valueName":"search_term_string"}}],"inLanguage":"de"}]}},"_links":{"self":[{"href":"https:\/\/hx-terraristik.de\/index.php?rest_route=\/wp\/v2\/pages\/97","targetHints":{"allow":["GET"]}}],"collection":[{"href":"https:\/\/hx-terraristik.de\/index.php?rest_route=\/wp\/v2\/pages"}],"about":[{"href":"https:\/\/hx-terraristik.de\/index.php?rest_route=\/wp\/v2\/types\/page"}],"author":[{"embeddable":true,"href":"https:\/\/hx-terraristik.de\/index.php?rest_route=\/wp\/v2\/users\/1"}],"replies":[{"embeddable":true,"href":"https:\/\/hx-terraristik.de\/index.php?rest_route=%2Fwp%2Fv2%2Fcomments&post=97"}],"version-history":[{"count":7,"href":"https:\/\/hx-terraristik.de\/index.php?rest_route=\/wp\/v2\/pages\/97\/revisions"}],"predecessor-version":[{"id":697,"href":"https:\/\/hx-terraristik.de\/index.php?rest_route=\/wp\/v2\/pages\/97\/revisions\/697"}],"up":[{"embeddable":true,"href":"https:\/\/hx-terraristik.de\/index.php?rest_route=\/wp\/v2\/pages\/85"}],"wp:attachment":[{"href":"https:\/\/hx-terraristik.de\/index.php?rest_route=%2Fwp%2Fv2%2Fmedia&parent=97"}],"curies":[{"name":"wp","href":"https:\/\/api.w.org\/{rel}","templated":true}]}}