{"id":91,"date":"2015-02-17T14:18:01","date_gmt":"2015-02-17T13:18:01","guid":{"rendered":"http:\/\/hx-terraristik.de\/?page_id=91"},"modified":"2015-02-24T11:47:25","modified_gmt":"2015-02-24T10:47:25","slug":"sonderanfertigungen","status":"publish","type":"page","link":"https:\/\/hx-terraristik.de\/?page_id=91","title":{"rendered":"Sonderanfertigungen"},"content":{"rendered":"<p>Auf Wunsch k\u00f6nnen im Deckel L\u00f6cher f\u00fcr Beregnungsanlagen gebohrt werden (10, 12 oder 13mm), hier kostet jede Bohrung 6,00\u20ac.<a href=\"http:\/\/hx-terraristik.de\/wp-content\/uploads\/2015\/02\/pyr1.jpg\"><img decoding=\"async\" class=\"  wp-image-231 alignright\" src=\"http:\/\/hx-terraristik.de\/wp-content\/uploads\/2015\/02\/pyr1.jpg\" alt=\"pyr1\" width=\"311\" height=\"363\" srcset=\"https:\/\/hx-terraristik.de\/wp-content\/uploads\/2015\/02\/pyr1-257x300.jpg 257w, https:\/\/hx-terraristik.de\/wp-content\/uploads\/2015\/02\/pyr1.jpg 720w\" sizes=\"(max-width: 311px) 100vw, 311px\" \/><\/a><\/p>\n<p>Standardm\u00e4\u00dfig bauen wir unsere Terrarien mit schwarzem Silikon, sollte dies nicht gew\u00fcnscht sein,\u00a0bieten wir Ihnen die M\u00f6glichkeit\u00a0\u00a0transparentes Silikon zu verarbeiten.<\/p>\n<p>Alle Sonderw\u00fcnsche m\u00fcssen bei der Bestellung aufgegeben werden.<\/p>\n<p>Sollte Ihr Wunschterrarium nicht dabei sein, so schreiben Sie uns einfach, oder Rufen uns an. Gerne machen wir Ihnen ein individuelles Angebot f\u00fcr Ihr Wunschterrarium.<\/p>\n<p>Alle Ma\u00dfe in cm, wenn nicht anders angegeben. Und Preise in \u20ac.<\/p>\n<p>Pyramiden-Terrarien<\/p>\n\n<table id=\"tablepress-6\" class=\"tablepress tablepress-id-6\">\n<thead>\n<tr class=\"row-1\">\n\t<th class=\"column-1\">Glasst\u00e4rke in mm<\/th><th class=\"column-2\">L\u00e4nge<\/th><th class=\"column-3\">Breite\/Tiefe<\/th><th class=\"column-4\">H\u00f6he<\/th><th class=\"column-5\">Steg H\u00f6he<\/th><th class=\"column-6\">Preis in \u20ac<\/th>\n<\/tr>\n<\/thead>\n<tbody class=\"row-striping row-hover\">\n<tr class=\"row-2\">\n\t<td class=\"column-1\">4<\/td><td class=\"column-2\">40<\/td><td class=\"column-3\">40<\/td><td class=\"column-4\">40<\/td><td class=\"column-5\">12<\/td><td class=\"column-6\">74,00<\/td>\n<\/tr>\n<tr class=\"row-3\">\n\t<td class=\"column-1\">4<\/td><td class=\"column-2\">50<\/td><td class=\"column-3\">50<\/td><td class=\"column-4\">50<\/td><td class=\"column-5\">12<\/td><td class=\"column-6\">94,00<\/td>\n<\/tr>\n<\/tbody>\n<\/table>\n<!-- #tablepress-6 from cache -->\n<p>Panorama-Terrarien<\/p>\n<p><a href=\"http:\/\/hx-terraristik.de\/wp-content\/uploads\/2015\/02\/7484aea26947c1f383acc4621aea255f.jpg\"><img decoding=\"async\" class=\"alignnone size-full wp-image-274\" src=\"http:\/\/hx-terraristik.de\/wp-content\/uploads\/2015\/02\/7484aea26947c1f383acc4621aea255f.jpg\" alt=\"7484aea26947c1f383acc4621aea255f\" width=\"611\" height=\"634\" srcset=\"https:\/\/hx-terraristik.de\/wp-content\/uploads\/2015\/02\/7484aea26947c1f383acc4621aea255f-289x300.jpg 289w, https:\/\/hx-terraristik.de\/wp-content\/uploads\/2015\/02\/7484aea26947c1f383acc4621aea255f.jpg 611w\" sizes=\"(max-width: 611px) 100vw, 611px\" \/><\/a><\/p>\n\n<table id=\"tablepress-11\" class=\"tablepress tablepress-id-11\">\n<thead>\n<tr class=\"row-1\">\n\t<th class=\"column-1\">Glasst\u00e4rke in mm<\/th><th class=\"column-2\">L\u00e4nge<\/th><th class=\"column-3\">Breite\/Tiefe<\/th><th class=\"column-4\">H\u00f6he<\/th><th class=\"column-5\">Steg H\u00f6he<\/th><th class=\"column-6\">Preis in \u20ac<\/th>\n<\/tr>\n<\/thead>\n<tbody class=\"row-striping row-hover\">\n<tr class=\"row-2\">\n\t<td class=\"column-1\">5<\/td><td class=\"column-2\">50<\/td><td class=\"column-3\">45<\/td><td class=\"column-4\">50<\/td><td class=\"column-5\">12<\/td><td class=\"column-6\">99,00<\/td>\n<\/tr>\n<tr class=\"row-3\">\n\t<td class=\"column-1\">5<\/td><td class=\"column-2\">60<\/td><td class=\"column-3\">35<\/td><td class=\"column-4\">40<\/td><td class=\"column-5\">12<\/td><td class=\"column-6\">109,00<\/td>\n<\/tr>\n<tr class=\"row-4\">\n\t<td class=\"column-1\">5<\/td><td class=\"column-2\">80<\/td><td class=\"column-3\">40<\/td><td class=\"column-4\">40<\/td><td class=\"column-5\">12<\/td><td class=\"column-6\">119,00<\/td>\n<\/tr>\n<\/tbody>\n<\/table>\n<!-- #tablepress-11 from cache -->\n<p>Eck-Terrarien<\/p>\n<p><a href=\"http:\/\/hx-terraristik.de\/wp-content\/uploads\/2015\/02\/eck1.jpg\"><img decoding=\"async\" class=\"alignnone size-full wp-image-230\" src=\"http:\/\/hx-terraristik.de\/wp-content\/uploads\/2015\/02\/eck1.jpg\" alt=\"eck1\" width=\"720\" height=\"742\" srcset=\"https:\/\/hx-terraristik.de\/wp-content\/uploads\/2015\/02\/eck1-291x300.jpg 291w, https:\/\/hx-terraristik.de\/wp-content\/uploads\/2015\/02\/eck1.jpg 720w\" sizes=\"(max-width: 720px) 100vw, 720px\" \/><\/a><\/p>\n\n<table id=\"tablepress-12\" class=\"tablepress tablepress-id-12\">\n<thead>\n<tr class=\"row-1\">\n\t<th class=\"column-1\">Glasst\u00e4rke in mm<\/th><th class=\"column-2\">L\u00e4nge<\/th><th class=\"column-3\">Breite<\/th><th class=\"column-4\">H\u00f6he<\/th><th class=\"column-5\">Steg H\u00f6he<\/th><th class=\"column-6\">Preis in \u20ac<\/th>\n<\/tr>\n<\/thead>\n<tbody class=\"row-striping row-hover\">\n<tr class=\"row-2\">\n\t<td class=\"column-1\">5<\/td><td class=\"column-2\">40<\/td><td class=\"column-3\">40<\/td><td class=\"column-4\">60<\/td><td class=\"column-5\">12<\/td><td class=\"column-6\">99,00<\/td>\n<\/tr>\n<tr class=\"row-3\">\n\t<td class=\"column-1\">5<\/td><td class=\"column-2\">50<\/td><td class=\"column-3\">50<\/td><td class=\"column-4\">50<\/td><td class=\"column-5\">12<\/td><td class=\"column-6\">109,00<\/td>\n<\/tr>\n<tr class=\"row-4\">\n\t<td class=\"column-1\">5<\/td><td class=\"column-2\">45<\/td><td class=\"column-3\">45<\/td><td class=\"column-4\">60<\/td><td class=\"column-5\">16<\/td><td class=\"column-6\">119,00<\/td>\n<\/tr>\n<tr class=\"row-5\">\n\t<td class=\"column-1\">5<\/td><td class=\"column-2\">50<\/td><td class=\"column-3\">50<\/td><td class=\"column-4\">80<\/td><td class=\"column-5\">16<\/td><td class=\"column-6\">139,00<\/td>\n<\/tr>\n<\/tbody>\n<\/table>\n<!-- #tablepress-12 from cache -->\n<p>F\u00fcnf-Eck-Terrarien<\/p>\n<p><a href=\"http:\/\/hx-terraristik.de\/wp-content\/uploads\/2015\/02\/89be8146e2c4f68f5a1c12f5f6ed7035.jpg\"><img decoding=\"async\" class=\"alignnone size-full wp-image-289\" src=\"http:\/\/hx-terraristik.de\/wp-content\/uploads\/2015\/02\/89be8146e2c4f68f5a1c12f5f6ed7035.jpg\" alt=\"89be8146e2c4f68f5a1c12f5f6ed7035\" width=\"570\" height=\"690\" srcset=\"https:\/\/hx-terraristik.de\/wp-content\/uploads\/2015\/02\/89be8146e2c4f68f5a1c12f5f6ed7035-248x300.jpg 248w, https:\/\/hx-terraristik.de\/wp-content\/uploads\/2015\/02\/89be8146e2c4f68f5a1c12f5f6ed7035.jpg 570w\" sizes=\"(max-width: 570px) 100vw, 570px\" \/><\/a><\/p>\n\n<table id=\"tablepress-16\" class=\"tablepress tablepress-id-16\">\n<thead>\n<tr class=\"row-1\">\n\t<th class=\"column-1\">Glasst\u00e4rke in mm<\/th><th class=\"column-2\">Schenkelma\u00df<\/th><th class=\"column-3\">H\u00f6he<\/th><th class=\"column-4\">Stegh\u00f6he<\/th><th class=\"column-5\">Preis in \u20ac<\/th>\n<\/tr>\n<\/thead>\n<tbody class=\"row-striping row-hover\">\n<tr class=\"row-2\">\n\t<td class=\"column-1\">4<\/td><td class=\"column-2\">25<\/td><td class=\"column-3\">50<\/td><td class=\"column-4\">16<\/td><td class=\"column-5\">89,00<\/td>\n<\/tr>\n<tr class=\"row-3\">\n\t<td class=\"column-1\">4<\/td><td class=\"column-2\">30<\/td><td class=\"column-3\">50<\/td><td class=\"column-4\">16<\/td><td class=\"column-5\">99,00<\/td>\n<\/tr>\n<tr class=\"row-4\">\n\t<td class=\"column-1\">4<\/td><td class=\"column-2\">30<\/td><td class=\"column-3\">60<\/td><td class=\"column-4\">16<\/td><td class=\"column-5\">109,00<\/td>\n<\/tr>\n<tr class=\"row-5\">\n\t<td class=\"column-1\">4<\/td><td class=\"column-2\">35<\/td><td class=\"column-3\">60<\/td><td class=\"column-4\">16<\/td><td class=\"column-5\">119,00<\/td>\n<\/tr>\n<tr class=\"row-6\">\n\t<td class=\"column-1\">4<\/td><td class=\"column-2\">35<\/td><td class=\"column-3\">80<\/td><td class=\"column-4\">16<\/td><td class=\"column-5\">129,00<\/td>\n<\/tr>\n<\/tbody>\n<\/table>\n<!-- #tablepress-16 from cache -->\n<p>Sechs-Eck-Terrarien<\/p>\n<p><a href=\"http:\/\/hx-terraristik.de\/wp-content\/uploads\/2015\/02\/7e60f004c0cc4740ec9fcd0009d420d6.jpg\"><img decoding=\"async\" class=\"alignnone size-full wp-image-288\" src=\"http:\/\/hx-terraristik.de\/wp-content\/uploads\/2015\/02\/7e60f004c0cc4740ec9fcd0009d420d6.jpg\" alt=\"7e60f004c0cc4740ec9fcd0009d420d6\" width=\"594\" height=\"713\" srcset=\"https:\/\/hx-terraristik.de\/wp-content\/uploads\/2015\/02\/7e60f004c0cc4740ec9fcd0009d420d6-250x300.jpg 250w, https:\/\/hx-terraristik.de\/wp-content\/uploads\/2015\/02\/7e60f004c0cc4740ec9fcd0009d420d6.jpg 594w\" sizes=\"(max-width: 594px) 100vw, 594px\" \/><\/a><\/p>\n\n<table id=\"tablepress-17\" class=\"tablepress tablepress-id-17\">\n<thead>\n<tr class=\"row-1\">\n\t<th class=\"column-1\">Glasst\u00e4rke in mm<\/th><th class=\"column-2\">Schenkelma\u00df<\/th><th class=\"column-3\">H\u00f6he<\/th><th class=\"column-4\">Stegh\u00f6he<\/th><th class=\"column-5\">Preis in \u20ac<\/th>\n<\/tr>\n<\/thead>\n<tbody class=\"row-striping row-hover\">\n<tr class=\"row-2\">\n\t<td class=\"column-1\">4<\/td><td class=\"column-2\">25<\/td><td class=\"column-3\">50<\/td><td class=\"column-4\">16<\/td><td class=\"column-5\">99,00<\/td>\n<\/tr>\n<tr class=\"row-3\">\n\t<td class=\"column-1\">4<\/td><td class=\"column-2\">30<\/td><td class=\"column-3\">50<\/td><td class=\"column-4\">16<\/td><td class=\"column-5\">109,00<\/td>\n<\/tr>\n<tr class=\"row-4\">\n\t<td class=\"column-1\">4<\/td><td class=\"column-2\">30<\/td><td class=\"column-3\">60<\/td><td class=\"column-4\">16<\/td><td class=\"column-5\">119,00<\/td>\n<\/tr>\n<tr class=\"row-5\">\n\t<td class=\"column-1\">4<\/td><td class=\"column-2\">35<\/td><td class=\"column-3\">60<\/td><td class=\"column-4\">16<\/td><td class=\"column-5\">129,00<\/td>\n<\/tr>\n<tr class=\"row-6\">\n\t<td class=\"column-1\">4<\/td><td class=\"column-2\">35<\/td><td class=\"column-3\">80<\/td><td class=\"column-4\">16<\/td><td class=\"column-5\">139,00<\/td>\n<\/tr>\n<\/tbody>\n<\/table>\n<!-- #tablepress-17 from cache -->\n<p>Doppel-Terrarien<\/p>\n<p>Die Doppelterrarien werden in der Mitte der L\u00e4nge von einer undurchsichtigen Glasscheibe getrennt.<\/p>\n<p><a href=\"http:\/\/hx-terraristik.de\/wp-content\/uploads\/2015\/02\/acc8a72d22c28504798a4d125ba89647.jpg\"><img decoding=\"async\" class=\"alignnone size-full wp-image-275\" src=\"http:\/\/hx-terraristik.de\/wp-content\/uploads\/2015\/02\/acc8a72d22c28504798a4d125ba89647.jpg\" alt=\"acc8a72d22c28504798a4d125ba89647\" width=\"667\" height=\"743\" srcset=\"https:\/\/hx-terraristik.de\/wp-content\/uploads\/2015\/02\/acc8a72d22c28504798a4d125ba89647-269x300.jpg 269w, https:\/\/hx-terraristik.de\/wp-content\/uploads\/2015\/02\/acc8a72d22c28504798a4d125ba89647.jpg 667w\" sizes=\"(max-width: 667px) 100vw, 667px\" \/><\/a><\/p>\n\n<table id=\"tablepress-13\" class=\"tablepress tablepress-id-13\">\n<thead>\n<tr class=\"row-1\">\n\t<th class=\"column-1\">Glasst\u00e4rke in mm<\/th><th class=\"column-2\">L\u00e4nge<\/th><th class=\"column-3\">Breite\/Tiefe<\/th><th class=\"column-4\">H\u00f6he<\/th><th class=\"column-5\">Steg H\u00f6he<\/th><th class=\"column-6\">Preis in \u20ac<\/th>\n<\/tr>\n<\/thead>\n<tbody class=\"row-striping row-hover\">\n<tr class=\"row-2\">\n\t<td class=\"column-1\">4<\/td><td class=\"column-2\">40<\/td><td class=\"column-3\">25<\/td><td class=\"column-4\">40<\/td><td class=\"column-5\">12<\/td><td class=\"column-6\">70,00<\/td>\n<\/tr>\n<tr class=\"row-3\">\n\t<td class=\"column-1\">4<\/td><td class=\"column-2\">50<\/td><td class=\"column-3\">25<\/td><td class=\"column-4\">50<\/td><td class=\"column-5\">12<\/td><td class=\"column-6\">85,00<\/td>\n<\/tr>\n<tr class=\"row-4\">\n\t<td class=\"column-1\">4<\/td><td class=\"column-2\">60<\/td><td class=\"column-3\">35<\/td><td class=\"column-4\">50<\/td><td class=\"column-5\">12<\/td><td class=\"column-6\">95,00<\/td>\n<\/tr>\n<tr class=\"row-5\">\n\t<td class=\"column-1\">4<\/td><td class=\"column-2\">80<\/td><td class=\"column-3\">40<\/td><td class=\"column-4\">40<\/td><td class=\"column-5\">12<\/td><td class=\"column-6\">110,00<\/td>\n<\/tr>\n<\/tbody>\n<\/table>\n<!-- #tablepress-13 from cache -->\n","protected":false},"excerpt":{"rendered":"<p>Auf Wunsch k\u00f6nnen im Deckel L\u00f6cher f\u00fcr Beregnungsanlagen gebohrt werden  [&#8230;]<\/p>\n","protected":false},"author":1,"featured_media":0,"parent":85,"menu_order":0,"comment_status":"closed","ping_status":"closed","template":"","meta":{"footnotes":""},"class_list":["post-91","page","type-page","status-publish","hentry"],"yoast_head":"<!-- This site is optimized with the Yoast SEO plugin v27.5 - https:\/\/yoast.com\/product\/yoast-seo-wordpress\/ -->\n<title>Sonderanfertigungen - HX-Terraristik<\/title>\n<meta name=\"robots\" content=\"index, follow, max-snippet:-1, max-image-preview:large, max-video-preview:-1\" \/>\n<link rel=\"canonical\" href=\"https:\/\/hx-terraristik.de\/?page_id=91\" \/>\n<meta property=\"og:locale\" content=\"de_DE\" \/>\n<meta property=\"og:type\" content=\"article\" \/>\n<meta property=\"og:title\" content=\"Sonderanfertigungen - HX-Terraristik\" \/>\n<meta property=\"og:description\" content=\"Auf Wunsch k\u00f6nnen im Deckel L\u00f6cher f\u00fcr Beregnungsanlagen gebohrt werden [...]\" \/>\n<meta property=\"og:url\" content=\"https:\/\/hx-terraristik.de\/?page_id=91\" \/>\n<meta property=\"og:site_name\" content=\"HX-Terraristik\" \/>\n<meta property=\"article:modified_time\" content=\"2015-02-24T10:47:25+00:00\" \/>\n<meta property=\"og:image\" content=\"http:\/\/hx-terraristik.de\/wp-content\/uploads\/2015\/02\/pyr1.jpg\" \/>\n<meta name=\"twitter:card\" content=\"summary_large_image\" \/>\n<meta name=\"twitter:label1\" content=\"Gesch\u00e4tzte Lesezeit\" \/>\n\t<meta name=\"twitter:data1\" content=\"1\u00a0Minute\" \/>\n<script type=\"application\/ld+json\" class=\"yoast-schema-graph\">{\"@context\":\"https:\\\/\\\/schema.org\",\"@graph\":[{\"@type\":\"WebPage\",\"@id\":\"https:\\\/\\\/hx-terraristik.de\\\/?page_id=91\",\"url\":\"https:\\\/\\\/hx-terraristik.de\\\/?page_id=91\",\"name\":\"Sonderanfertigungen - HX-Terraristik\",\"isPartOf\":{\"@id\":\"https:\\\/\\\/hx-terraristik.de\\\/#website\"},\"primaryImageOfPage\":{\"@id\":\"https:\\\/\\\/hx-terraristik.de\\\/?page_id=91#primaryimage\"},\"image\":{\"@id\":\"https:\\\/\\\/hx-terraristik.de\\\/?page_id=91#primaryimage\"},\"thumbnailUrl\":\"http:\\\/\\\/hx-terraristik.de\\\/wp-content\\\/uploads\\\/2015\\\/02\\\/pyr1.jpg\",\"datePublished\":\"2015-02-17T13:18:01+00:00\",\"dateModified\":\"2015-02-24T10:47:25+00:00\",\"breadcrumb\":{\"@id\":\"https:\\\/\\\/hx-terraristik.de\\\/?page_id=91#breadcrumb\"},\"inLanguage\":\"de\",\"potentialAction\":[{\"@type\":\"ReadAction\",\"target\":[\"https:\\\/\\\/hx-terraristik.de\\\/?page_id=91\"]}]},{\"@type\":\"ImageObject\",\"inLanguage\":\"de\",\"@id\":\"https:\\\/\\\/hx-terraristik.de\\\/?page_id=91#primaryimage\",\"url\":\"https:\\\/\\\/hx-terraristik.de\\\/wp-content\\\/uploads\\\/2015\\\/02\\\/pyr1.jpg\",\"contentUrl\":\"https:\\\/\\\/hx-terraristik.de\\\/wp-content\\\/uploads\\\/2015\\\/02\\\/pyr1.jpg\",\"width\":720,\"height\":841},{\"@type\":\"BreadcrumbList\",\"@id\":\"https:\\\/\\\/hx-terraristik.de\\\/?page_id=91#breadcrumb\",\"itemListElement\":[{\"@type\":\"ListItem\",\"position\":1,\"name\":\"Startseite\",\"item\":\"https:\\\/\\\/hx-terraristik.de\\\/\"},{\"@type\":\"ListItem\",\"position\":2,\"name\":\"Terrarien\",\"item\":\"https:\\\/\\\/hx-terraristik.de\\\/?page_id=85\"},{\"@type\":\"ListItem\",\"position\":3,\"name\":\"Sonderanfertigungen\"}]},{\"@type\":\"WebSite\",\"@id\":\"https:\\\/\\\/hx-terraristik.de\\\/#website\",\"url\":\"https:\\\/\\\/hx-terraristik.de\\\/\",\"name\":\"HX-Terraristik\",\"description\":\"Der Terrarienbau-Spezialist\",\"potentialAction\":[{\"@type\":\"SearchAction\",\"target\":{\"@type\":\"EntryPoint\",\"urlTemplate\":\"https:\\\/\\\/hx-terraristik.de\\\/?s={search_term_string}\"},\"query-input\":{\"@type\":\"PropertyValueSpecification\",\"valueRequired\":true,\"valueName\":\"search_term_string\"}}],\"inLanguage\":\"de\"}]}<\/script>\n<!-- \/ Yoast SEO plugin. -->","yoast_head_json":{"title":"Sonderanfertigungen - HX-Terraristik","robots":{"index":"index","follow":"follow","max-snippet":"max-snippet:-1","max-image-preview":"max-image-preview:large","max-video-preview":"max-video-preview:-1"},"canonical":"https:\/\/hx-terraristik.de\/?page_id=91","og_locale":"de_DE","og_type":"article","og_title":"Sonderanfertigungen - HX-Terraristik","og_description":"Auf Wunsch k\u00f6nnen im Deckel L\u00f6cher f\u00fcr Beregnungsanlagen gebohrt werden [...]","og_url":"https:\/\/hx-terraristik.de\/?page_id=91","og_site_name":"HX-Terraristik","article_modified_time":"2015-02-24T10:47:25+00:00","og_image":[{"url":"http:\/\/hx-terraristik.de\/wp-content\/uploads\/2015\/02\/pyr1.jpg","type":"","width":"","height":""}],"twitter_card":"summary_large_image","twitter_misc":{"Gesch\u00e4tzte Lesezeit":"1\u00a0Minute"},"schema":{"@context":"https:\/\/schema.org","@graph":[{"@type":"WebPage","@id":"https:\/\/hx-terraristik.de\/?page_id=91","url":"https:\/\/hx-terraristik.de\/?page_id=91","name":"Sonderanfertigungen - HX-Terraristik","isPartOf":{"@id":"https:\/\/hx-terraristik.de\/#website"},"primaryImageOfPage":{"@id":"https:\/\/hx-terraristik.de\/?page_id=91#primaryimage"},"image":{"@id":"https:\/\/hx-terraristik.de\/?page_id=91#primaryimage"},"thumbnailUrl":"http:\/\/hx-terraristik.de\/wp-content\/uploads\/2015\/02\/pyr1.jpg","datePublished":"2015-02-17T13:18:01+00:00","dateModified":"2015-02-24T10:47:25+00:00","breadcrumb":{"@id":"https:\/\/hx-terraristik.de\/?page_id=91#breadcrumb"},"inLanguage":"de","potentialAction":[{"@type":"ReadAction","target":["https:\/\/hx-terraristik.de\/?page_id=91"]}]},{"@type":"ImageObject","inLanguage":"de","@id":"https:\/\/hx-terraristik.de\/?page_id=91#primaryimage","url":"https:\/\/hx-terraristik.de\/wp-content\/uploads\/2015\/02\/pyr1.jpg","contentUrl":"https:\/\/hx-terraristik.de\/wp-content\/uploads\/2015\/02\/pyr1.jpg","width":720,"height":841},{"@type":"BreadcrumbList","@id":"https:\/\/hx-terraristik.de\/?page_id=91#breadcrumb","itemListElement":[{"@type":"ListItem","position":1,"name":"Startseite","item":"https:\/\/hx-terraristik.de\/"},{"@type":"ListItem","position":2,"name":"Terrarien","item":"https:\/\/hx-terraristik.de\/?page_id=85"},{"@type":"ListItem","position":3,"name":"Sonderanfertigungen"}]},{"@type":"WebSite","@id":"https:\/\/hx-terraristik.de\/#website","url":"https:\/\/hx-terraristik.de\/","name":"HX-Terraristik","description":"Der Terrarienbau-Spezialist","potentialAction":[{"@type":"SearchAction","target":{"@type":"EntryPoint","urlTemplate":"https:\/\/hx-terraristik.de\/?s={search_term_string}"},"query-input":{"@type":"PropertyValueSpecification","valueRequired":true,"valueName":"search_term_string"}}],"inLanguage":"de"}]}},"_links":{"self":[{"href":"https:\/\/hx-terraristik.de\/index.php?rest_route=\/wp\/v2\/pages\/91","targetHints":{"allow":["GET"]}}],"collection":[{"href":"https:\/\/hx-terraristik.de\/index.php?rest_route=\/wp\/v2\/pages"}],"about":[{"href":"https:\/\/hx-terraristik.de\/index.php?rest_route=\/wp\/v2\/types\/page"}],"author":[{"embeddable":true,"href":"https:\/\/hx-terraristik.de\/index.php?rest_route=\/wp\/v2\/users\/1"}],"replies":[{"embeddable":true,"href":"https:\/\/hx-terraristik.de\/index.php?rest_route=%2Fwp%2Fv2%2Fcomments&post=91"}],"version-history":[{"count":0,"href":"https:\/\/hx-terraristik.de\/index.php?rest_route=\/wp\/v2\/pages\/91\/revisions"}],"up":[{"embeddable":true,"href":"https:\/\/hx-terraristik.de\/index.php?rest_route=\/wp\/v2\/pages\/85"}],"wp:attachment":[{"href":"https:\/\/hx-terraristik.de\/index.php?rest_route=%2Fwp%2Fv2%2Fmedia&parent=91"}],"curies":[{"name":"wp","href":"https:\/\/api.w.org\/{rel}","templated":true}]}}