{"id":214,"date":"2015-02-17T18:45:03","date_gmt":"2015-02-17T17:45:03","guid":{"rendered":"http:\/\/hx-terraristik.de\/?page_id=214"},"modified":"2015-02-17T19:19:46","modified_gmt":"2015-02-17T18:19:46","slug":"aufzuchtterrarien","status":"publish","type":"page","link":"https:\/\/hx-terraristik.de\/?page_id=214","title":{"rendered":"Aufzuchtterrarien"},"content":{"rendered":"<p>Auf Wunsch k\u00f6nnen im Deckel L\u00f6cher f\u00fcr Begegnungsanlagen gebohrt werden (10, 12 oder 13mm), hier kostet jede Bohrung 6,00\u20ac.<\/p>\n<p>Standardm\u00e4\u00dfig bauen wir unsere Terrarien mit schwarzem Silikon, sollte dies nicht gew\u00fcnscht sein,\u00a0bieten wir Ihnen die M\u00f6glichkeit\u00a0\u00a0transparenten Silikon zu verbauen.<\/p>\n<p>Alle Sonderw\u00fcnsche m\u00fcssen bei der Bestellung aufgegeben werden.<\/p>\n<p>Sollte Ihr Wunschterrarium nicht dabei sein, so schreiben Sie uns einfach, oder Rufen uns an. Gerne machen wir Ihnen ein individuelles Angebot f\u00fcr Ihr Wunschterrarium.<\/p>\n<p>Alle Ma\u00dfe in cm, wenn nicht anders angegeben. Und Preise in \u20ac.<\/p>\n<p>Aufzuchtbecken f\u00fcr Quappen mit Landgang<\/p>\n<p><a href=\"http:\/\/hx-terraristik.de\/wp-content\/uploads\/2015\/02\/quapp1.jpg\"><img decoding=\"async\" class=\"alignnone size-full wp-image-227\" src=\"http:\/\/hx-terraristik.de\/wp-content\/uploads\/2015\/02\/quapp1.jpg\" alt=\"quapp1\" width=\"867\" height=\"690\" srcset=\"https:\/\/hx-terraristik.de\/wp-content\/uploads\/2015\/02\/quapp1-300x239.jpg 300w, https:\/\/hx-terraristik.de\/wp-content\/uploads\/2015\/02\/quapp1.jpg 867w\" sizes=\"(max-width: 867px) 100vw, 867px\" \/><\/a><\/p>\n\n<table id=\"tablepress-15\" class=\"tablepress tablepress-id-15\">\n<thead>\n<tr class=\"row-1\">\n\t<th class=\"column-1\">Glasst\u00e4rke in mm<\/th><th class=\"column-2\">L\u00e4nge<\/th><th class=\"column-3\">Breite<\/th><th class=\"column-4\">H\u00f6he<\/th><th class=\"column-5\">Preis in \u20ac<\/th>\n<\/tr>\n<\/thead>\n<tbody class=\"row-striping row-hover\">\n<tr class=\"row-2\">\n\t<td class=\"column-1\">4<\/td><td class=\"column-2\">40<\/td><td class=\"column-3\">30<\/td><td class=\"column-4\">30<\/td><td class=\"column-5\">59,00<\/td>\n<\/tr>\n<tr class=\"row-3\">\n\t<td class=\"column-1\">4<\/td><td class=\"column-2\">40<\/td><td class=\"column-3\">40<\/td><td class=\"column-4\">30<\/td><td class=\"column-5\">69,00<\/td>\n<\/tr>\n<tr class=\"row-4\">\n\t<td class=\"column-1\">4<\/td><td class=\"column-2\">50<\/td><td class=\"column-3\">40<\/td><td class=\"column-4\">30<\/td><td class=\"column-5\">79,00<\/td>\n<\/tr>\n<tr class=\"row-5\">\n\t<td class=\"column-1\">4<\/td><td class=\"column-2\">60<\/td><td class=\"column-3\">40<\/td><td class=\"column-4\">30<\/td><td class=\"column-5\">89,00<\/td>\n<\/tr>\n<\/tbody>\n<\/table>\n<!-- #tablepress-15 from cache -->\n","protected":false},"excerpt":{"rendered":"<p>Auf Wunsch k\u00f6nnen im Deckel L\u00f6cher f\u00fcr Begegnungsanlagen gebohrt werden  [&#8230;]<\/p>\n","protected":false},"author":1,"featured_media":0,"parent":85,"menu_order":0,"comment_status":"closed","ping_status":"closed","template":"","meta":{"footnotes":""},"class_list":["post-214","page","type-page","status-publish","hentry"],"yoast_head":"<!-- This site is optimized with the Yoast SEO plugin v27.3 - https:\/\/yoast.com\/product\/yoast-seo-wordpress\/ -->\n<title>Aufzuchtterrarien - HX-Terraristik<\/title>\n<meta name=\"robots\" content=\"index, follow, max-snippet:-1, max-image-preview:large, max-video-preview:-1\" \/>\n<link rel=\"canonical\" href=\"https:\/\/hx-terraristik.de\/?page_id=214\" \/>\n<meta property=\"og:locale\" content=\"de_DE\" \/>\n<meta property=\"og:type\" content=\"article\" \/>\n<meta property=\"og:title\" content=\"Aufzuchtterrarien - HX-Terraristik\" \/>\n<meta property=\"og:description\" content=\"Auf Wunsch k\u00f6nnen im Deckel L\u00f6cher f\u00fcr Begegnungsanlagen gebohrt werden [...]\" \/>\n<meta property=\"og:url\" content=\"https:\/\/hx-terraristik.de\/?page_id=214\" \/>\n<meta property=\"og:site_name\" content=\"HX-Terraristik\" \/>\n<meta property=\"article:modified_time\" content=\"2015-02-17T18:19:46+00:00\" \/>\n<meta property=\"og:image\" content=\"http:\/\/hx-terraristik.de\/wp-content\/uploads\/2015\/02\/quapp1.jpg\" \/>\n<meta name=\"twitter:card\" content=\"summary_large_image\" \/>\n<meta name=\"twitter:label1\" content=\"Gesch\u00e4tzte Lesezeit\" \/>\n\t<meta name=\"twitter:data1\" content=\"1\u00a0Minute\" \/>\n<script type=\"application\/ld+json\" class=\"yoast-schema-graph\">{\"@context\":\"https:\\\/\\\/schema.org\",\"@graph\":[{\"@type\":\"WebPage\",\"@id\":\"https:\\\/\\\/hx-terraristik.de\\\/?page_id=214\",\"url\":\"https:\\\/\\\/hx-terraristik.de\\\/?page_id=214\",\"name\":\"Aufzuchtterrarien - HX-Terraristik\",\"isPartOf\":{\"@id\":\"https:\\\/\\\/hx-terraristik.de\\\/#website\"},\"primaryImageOfPage\":{\"@id\":\"https:\\\/\\\/hx-terraristik.de\\\/?page_id=214#primaryimage\"},\"image\":{\"@id\":\"https:\\\/\\\/hx-terraristik.de\\\/?page_id=214#primaryimage\"},\"thumbnailUrl\":\"http:\\\/\\\/hx-terraristik.de\\\/wp-content\\\/uploads\\\/2015\\\/02\\\/quapp1.jpg\",\"datePublished\":\"2015-02-17T17:45:03+00:00\",\"dateModified\":\"2015-02-17T18:19:46+00:00\",\"breadcrumb\":{\"@id\":\"https:\\\/\\\/hx-terraristik.de\\\/?page_id=214#breadcrumb\"},\"inLanguage\":\"de\",\"potentialAction\":[{\"@type\":\"ReadAction\",\"target\":[\"https:\\\/\\\/hx-terraristik.de\\\/?page_id=214\"]}]},{\"@type\":\"ImageObject\",\"inLanguage\":\"de\",\"@id\":\"https:\\\/\\\/hx-terraristik.de\\\/?page_id=214#primaryimage\",\"url\":\"https:\\\/\\\/hx-terraristik.de\\\/wp-content\\\/uploads\\\/2015\\\/02\\\/quapp1.jpg\",\"contentUrl\":\"https:\\\/\\\/hx-terraristik.de\\\/wp-content\\\/uploads\\\/2015\\\/02\\\/quapp1.jpg\",\"width\":867,\"height\":690},{\"@type\":\"BreadcrumbList\",\"@id\":\"https:\\\/\\\/hx-terraristik.de\\\/?page_id=214#breadcrumb\",\"itemListElement\":[{\"@type\":\"ListItem\",\"position\":1,\"name\":\"Startseite\",\"item\":\"https:\\\/\\\/hx-terraristik.de\\\/\"},{\"@type\":\"ListItem\",\"position\":2,\"name\":\"Terrarien\",\"item\":\"https:\\\/\\\/hx-terraristik.de\\\/?page_id=85\"},{\"@type\":\"ListItem\",\"position\":3,\"name\":\"Aufzuchtterrarien\"}]},{\"@type\":\"WebSite\",\"@id\":\"https:\\\/\\\/hx-terraristik.de\\\/#website\",\"url\":\"https:\\\/\\\/hx-terraristik.de\\\/\",\"name\":\"HX-Terraristik\",\"description\":\"Der Terrarienbau-Spezialist\",\"potentialAction\":[{\"@type\":\"SearchAction\",\"target\":{\"@type\":\"EntryPoint\",\"urlTemplate\":\"https:\\\/\\\/hx-terraristik.de\\\/?s={search_term_string}\"},\"query-input\":{\"@type\":\"PropertyValueSpecification\",\"valueRequired\":true,\"valueName\":\"search_term_string\"}}],\"inLanguage\":\"de\"}]}<\/script>\n<!-- \/ Yoast SEO plugin. -->","yoast_head_json":{"title":"Aufzuchtterrarien - HX-Terraristik","robots":{"index":"index","follow":"follow","max-snippet":"max-snippet:-1","max-image-preview":"max-image-preview:large","max-video-preview":"max-video-preview:-1"},"canonical":"https:\/\/hx-terraristik.de\/?page_id=214","og_locale":"de_DE","og_type":"article","og_title":"Aufzuchtterrarien - HX-Terraristik","og_description":"Auf Wunsch k\u00f6nnen im Deckel L\u00f6cher f\u00fcr Begegnungsanlagen gebohrt werden [...]","og_url":"https:\/\/hx-terraristik.de\/?page_id=214","og_site_name":"HX-Terraristik","article_modified_time":"2015-02-17T18:19:46+00:00","og_image":[{"url":"http:\/\/hx-terraristik.de\/wp-content\/uploads\/2015\/02\/quapp1.jpg","type":"","width":"","height":""}],"twitter_card":"summary_large_image","twitter_misc":{"Gesch\u00e4tzte Lesezeit":"1\u00a0Minute"},"schema":{"@context":"https:\/\/schema.org","@graph":[{"@type":"WebPage","@id":"https:\/\/hx-terraristik.de\/?page_id=214","url":"https:\/\/hx-terraristik.de\/?page_id=214","name":"Aufzuchtterrarien - HX-Terraristik","isPartOf":{"@id":"https:\/\/hx-terraristik.de\/#website"},"primaryImageOfPage":{"@id":"https:\/\/hx-terraristik.de\/?page_id=214#primaryimage"},"image":{"@id":"https:\/\/hx-terraristik.de\/?page_id=214#primaryimage"},"thumbnailUrl":"http:\/\/hx-terraristik.de\/wp-content\/uploads\/2015\/02\/quapp1.jpg","datePublished":"2015-02-17T17:45:03+00:00","dateModified":"2015-02-17T18:19:46+00:00","breadcrumb":{"@id":"https:\/\/hx-terraristik.de\/?page_id=214#breadcrumb"},"inLanguage":"de","potentialAction":[{"@type":"ReadAction","target":["https:\/\/hx-terraristik.de\/?page_id=214"]}]},{"@type":"ImageObject","inLanguage":"de","@id":"https:\/\/hx-terraristik.de\/?page_id=214#primaryimage","url":"https:\/\/hx-terraristik.de\/wp-content\/uploads\/2015\/02\/quapp1.jpg","contentUrl":"https:\/\/hx-terraristik.de\/wp-content\/uploads\/2015\/02\/quapp1.jpg","width":867,"height":690},{"@type":"BreadcrumbList","@id":"https:\/\/hx-terraristik.de\/?page_id=214#breadcrumb","itemListElement":[{"@type":"ListItem","position":1,"name":"Startseite","item":"https:\/\/hx-terraristik.de\/"},{"@type":"ListItem","position":2,"name":"Terrarien","item":"https:\/\/hx-terraristik.de\/?page_id=85"},{"@type":"ListItem","position":3,"name":"Aufzuchtterrarien"}]},{"@type":"WebSite","@id":"https:\/\/hx-terraristik.de\/#website","url":"https:\/\/hx-terraristik.de\/","name":"HX-Terraristik","description":"Der Terrarienbau-Spezialist","potentialAction":[{"@type":"SearchAction","target":{"@type":"EntryPoint","urlTemplate":"https:\/\/hx-terraristik.de\/?s={search_term_string}"},"query-input":{"@type":"PropertyValueSpecification","valueRequired":true,"valueName":"search_term_string"}}],"inLanguage":"de"}]}},"_links":{"self":[{"href":"https:\/\/hx-terraristik.de\/index.php?rest_route=\/wp\/v2\/pages\/214","targetHints":{"allow":["GET"]}}],"collection":[{"href":"https:\/\/hx-terraristik.de\/index.php?rest_route=\/wp\/v2\/pages"}],"about":[{"href":"https:\/\/hx-terraristik.de\/index.php?rest_route=\/wp\/v2\/types\/page"}],"author":[{"embeddable":true,"href":"https:\/\/hx-terraristik.de\/index.php?rest_route=\/wp\/v2\/users\/1"}],"replies":[{"embeddable":true,"href":"https:\/\/hx-terraristik.de\/index.php?rest_route=%2Fwp%2Fv2%2Fcomments&post=214"}],"version-history":[{"count":0,"href":"https:\/\/hx-terraristik.de\/index.php?rest_route=\/wp\/v2\/pages\/214\/revisions"}],"up":[{"embeddable":true,"href":"https:\/\/hx-terraristik.de\/index.php?rest_route=\/wp\/v2\/pages\/85"}],"wp:attachment":[{"href":"https:\/\/hx-terraristik.de\/index.php?rest_route=%2Fwp%2Fv2%2Fmedia&parent=214"}],"curies":[{"name":"wp","href":"https:\/\/api.w.org\/{rel}","templated":true}]}}