{"id":10,"date":"2014-02-10T00:00:29","date_gmt":"2014-02-09T23:00:29","guid":{"rendered":"http:\/\/hx-terraristik.de\/?page_id=10"},"modified":"2019-03-03T18:02:42","modified_gmt":"2019-03-03T17:02:42","slug":"impressum-und-kontakt","status":"publish","type":"page","link":"https:\/\/hx-terraristik.de\/?page_id=10","title":{"rendered":"Impressum und Kontakt"},"content":{"rendered":"<p>HX-Terraristik<br \/>\nInhaber: Mike Dargel<br \/>\nKampschulteweg 4<br \/>\n37671 H\u00f6xter<\/p>\n<p>Gesch\u00e4ftsf\u00fchrung: Mike Dargel<\/p>\n<p>Telefonnummer: 0049 (0)5271\/34008<br \/>\nE-Mailadresse: <a title=\"mailto:info@hx-terraristik.de\" href=\"mailto:info@hx-terraristik.de\">info@hx-terraristik.de<\/a><\/p>\n<p>Registergericht &amp; Registernummer: H\u00f6xter 23201<\/p>\n<p>Umsatzsteuer-Identifikationsnummer: DE 45013598621<\/p>\n<p>Steuer-Nr.326\/5029\/1194<\/p>\n<p>Inhaltlich verantwortlich: Mike Dargel<\/p>\n<p>Plattform der Europ\u00e4ischen Kommission zur Online-Streitbeilegung (OS) f\u00fcr Verbraucher: <a target=\"_blank\" rel=\"noopener noreferrer\">https:\/\/ec.europa.eu\/consumers\/odr\/<\/a>. Wir sind nicht bereit und nicht verpflichtet an einem Streitbeilegungsverfahren vor einer Verbraucherschlichtungsstelle teilzunehmen.<\/p>\n<p>Rechtlicher Hinweis: Mit Urteil vom 12.Mai 1998 -312 O 85 98: Haftung f\u00fcr Links, hat das Landgericht (LG) Hamburg entschieden, dass, durch die Erstellung eines Links, Inhalte der gelinkten Seite vom Verlinkenden ggf. mit zu verantworten sind. Dies kann \u2013 so das Gericht \u2013 nur dadurch verhindert werden, dass sich der\/die Verlinkenden ausdr\u00fccklich von diesen Inhalten distanzieren. Da wir keinerlei Einfluss auf die Gestaltung und die Inhalte der gelinkten Seiten haben, distanzieren wir uns hiermit ausdr\u00fccklich von allen Seiten mit rechtswidrigen Inhalten und machen uns die Inhalte der gelinkten Seiten nicht zu eigen. Diese Erkl\u00e4rung gilt f\u00fcr alle vorhandenen Links auf dieser Seite sowie auf allen anderen Seiten dieser Homepage.<\/p>\n<p>1. Inhalt des Onlineangebotes<br \/>\nDer Autor \u00fcbernimmt keinerlei Gew\u00e4hr f\u00fcr die Aktualit\u00e4t, Korrektheit, Vollst\u00e4ndigkeit oder Qualit\u00e4t der bereitgestellten Informationen. Haftungsanspr\u00fcche gegen den Autor, welche sich auf Sch\u00e4den materieller oder ideeller Art beziehen, die durch die Nutzung oder Nichtnutzung der dargebotenen Informationen bzw. durch die Nutzung fehlerhafter und unvollst\u00e4ndiger Informationen verursacht wurden sind grunds\u00e4tzlich ausgeschlossen, sofern seitens des Autors kein nachweislich vors\u00e4tzliches oder grob fahrl\u00e4ssiges Verschulden vorliegt. Alle Angebote sind freibleibend und unverbindlich. Der Autor beh\u00e4lt es sich ausdr\u00fccklich vor, Teile der Seiten oder das gesamte Angebot ohne gesonderte Ank\u00fccndigung zu ver\u00e4ndern, zu erg\u00e4nzen, zu l\u00f6schen oder die Ver\u00f6ffentlichung zeitweise oder endg\u00fcltig einzustellen.<\/p>\n<p>2. Verweise und Links Bei direkten oder indirekten Verweisen auf fremde Internetseiten \u201cLinks\u201d, die au\u00dferhalb des Verantwortungsbereiches des Autors liegen, w\u00fcrde eine Haftungsverpflichtung ausschlie\u00dflich in dem Fall in Kraft treten, in dem der Autor von den Inhalten Kenntnis hat und es ihm technisch m\u00f6glich und zumutbar w\u00e4re, die Nutzung im Falle rechtswidriger Inhalte zu verhindern. Der Autor erkl\u00e4rt daher ausdr\u00fccklich, dass zum Zeitpunkt der Linksetzung die entsprechenden verlinkten Seiten frei von illegalen Inhalten waren. Der Autor hat keinerlei Einfluss auf die aktuelle und zuk\u00fcnftige Gestaltung und auf die Inhalte der gelinkten\/verkn\u00fcpften Seiten. Deshalb distanziert er sich hiermit ausdr\u00fccklich von allen Inhalten aller gelinkten\/verkn\u00fcpften Seiten, die nach der Linksetzung ver\u00e4ndert wurden. Diese Feststellung gilt f\u00fcr alle innerhalb des eigenen Internetangebotes gesetzten Links und Verweise sowie f\u00fcr Fremdeintr\u00e4ge in vom Autor eingerichteten G\u00e4steb\u00fcchern, Diskussionsforen und Mailinglisten. F\u00fcr illegale, fehlerhafte oder unvollst\u00e4ndige Inhalte und insbesondere f\u00fcr Sch\u00e4den, die aus der Nutzung oder Nichtnutzung solcherart dargebotener Informationen entstehen, haftet allein der Anbieter der Seite, auf welche verwiesen wurde, nicht derjenige, der \u00fcber Links auf die jeweilige Ver\u00f6ffentlichung lediglich verweist.<\/p>\n<p>3. Urheber- und Kennzeichenrecht Der Autor ist bestrebt, in allen Publikationen die Urheberrechte der verwendeten Grafiken, Tondokumente, Videosequenzen und Texte zu beachten, von ihm selbst erstellte Grafiken, Tondokumente, Videosequenzen und Texte zu nutzen oder auf lizenzfreie Grafiken, Tondokumente, Videosequenzen und Texte zur\u00fcckzugreifen. Alle innerhalb des Internetangebotes genannten und ggf. durch Dritte gesch\u00fctzten Marken- und Warenzeichen unterliegen uneingeschr\u00e4nkt den Bestimmungen des jeweils g\u00fcltigen Kennzeichenrechts und den Besitzrechten der jeweiligen eingetragenen Eigent\u00fcmer. Allein aufgrund der blo\u00dfen Nennung ist nicht der Schluss zu ziehen, dass Markenzeichen nicht durch Rechte Dritter gesch\u00fctzt sind. Das Copyright f\u00fcr ver\u00f6ffentlichte, vom Autor selbst erstellte Objekte bleibt allein beim Autor der Seiten. Eine Vervielf\u00e4ltigung oder Verwendung solcher Grafiken, Tondokumente, Videosequenzen und Texte in anderen elektronischen oder gedruckten Publikationen ist ohne ausdr\u00fcckliche Zustimmung des Autors nicht gestattet.<\/p>\n<p>4. Rechtswirksamkeit dieses Haftungsausschlusses<br \/>\nDieser Haftungsausschluss ist als Teil des Internetangebotes zu betrachten, von dem aus auf diese Seite verwiesen wurde. Sofern Teile oder einzelne Formulierungen dieses Textes der geltenden Rechtslage nicht, nicht mehr oder nicht vollst\u00e4ndig entsprechen sollten, bleiben die \u00fcbrigen Teile des Dokumentes in ihrem Inhalt und ihrer G\u00fcltigkeit davon unber\u00fchrt.<\/p>\n","protected":false},"excerpt":{"rendered":"<p>HX-Terraristik Inhaber: Mike Dargel Kampschulteweg 4 37671 H\u00f6xter Gesch\u00e4ftsf\u00fchrung: Mike  [&#8230;]<\/p>\n","protected":false},"author":1,"featured_media":0,"parent":0,"menu_order":0,"comment_status":"closed","ping_status":"closed","template":"","meta":{"footnotes":""},"class_list":["post-10","page","type-page","status-publish","hentry"],"yoast_head":"<!-- This site is optimized with the Yoast SEO plugin v27.3 - https:\/\/yoast.com\/product\/yoast-seo-wordpress\/ -->\n<title>Impressum und Kontakt - HX-Terraristik<\/title>\n<meta name=\"robots\" content=\"index, follow, max-snippet:-1, max-image-preview:large, max-video-preview:-1\" \/>\n<link rel=\"canonical\" href=\"https:\/\/hx-terraristik.de\/?page_id=10\" \/>\n<meta property=\"og:locale\" content=\"de_DE\" \/>\n<meta property=\"og:type\" content=\"article\" \/>\n<meta property=\"og:title\" content=\"Impressum und Kontakt - HX-Terraristik\" \/>\n<meta property=\"og:description\" content=\"HX-Terraristik Inhaber: Mike Dargel Kampschulteweg 4 37671 H\u00f6xter Gesch\u00e4ftsf\u00fchrung: Mike [...]\" \/>\n<meta property=\"og:url\" content=\"https:\/\/hx-terraristik.de\/?page_id=10\" \/>\n<meta property=\"og:site_name\" content=\"HX-Terraristik\" \/>\n<meta property=\"article:modified_time\" content=\"2019-03-03T17:02:42+00:00\" \/>\n<meta name=\"twitter:card\" content=\"summary_large_image\" \/>\n<meta name=\"twitter:label1\" content=\"Gesch\u00e4tzte Lesezeit\" \/>\n\t<meta name=\"twitter:data1\" content=\"3\u00a0Minuten\" \/>\n<script type=\"application\/ld+json\" class=\"yoast-schema-graph\">{\"@context\":\"https:\\\/\\\/schema.org\",\"@graph\":[{\"@type\":\"WebPage\",\"@id\":\"https:\\\/\\\/hx-terraristik.de\\\/?page_id=10\",\"url\":\"https:\\\/\\\/hx-terraristik.de\\\/?page_id=10\",\"name\":\"Impressum und Kontakt - HX-Terraristik\",\"isPartOf\":{\"@id\":\"https:\\\/\\\/hx-terraristik.de\\\/#website\"},\"datePublished\":\"2014-02-09T23:00:29+00:00\",\"dateModified\":\"2019-03-03T17:02:42+00:00\",\"breadcrumb\":{\"@id\":\"https:\\\/\\\/hx-terraristik.de\\\/?page_id=10#breadcrumb\"},\"inLanguage\":\"de\",\"potentialAction\":[{\"@type\":\"ReadAction\",\"target\":[\"https:\\\/\\\/hx-terraristik.de\\\/?page_id=10\"]}]},{\"@type\":\"BreadcrumbList\",\"@id\":\"https:\\\/\\\/hx-terraristik.de\\\/?page_id=10#breadcrumb\",\"itemListElement\":[{\"@type\":\"ListItem\",\"position\":1,\"name\":\"Startseite\",\"item\":\"https:\\\/\\\/hx-terraristik.de\\\/\"},{\"@type\":\"ListItem\",\"position\":2,\"name\":\"Impressum und Kontakt\"}]},{\"@type\":\"WebSite\",\"@id\":\"https:\\\/\\\/hx-terraristik.de\\\/#website\",\"url\":\"https:\\\/\\\/hx-terraristik.de\\\/\",\"name\":\"HX-Terraristik\",\"description\":\"Der Terrarienbau-Spezialist\",\"potentialAction\":[{\"@type\":\"SearchAction\",\"target\":{\"@type\":\"EntryPoint\",\"urlTemplate\":\"https:\\\/\\\/hx-terraristik.de\\\/?s={search_term_string}\"},\"query-input\":{\"@type\":\"PropertyValueSpecification\",\"valueRequired\":true,\"valueName\":\"search_term_string\"}}],\"inLanguage\":\"de\"}]}<\/script>\n<!-- \/ Yoast SEO plugin. -->","yoast_head_json":{"title":"Impressum und Kontakt - HX-Terraristik","robots":{"index":"index","follow":"follow","max-snippet":"max-snippet:-1","max-image-preview":"max-image-preview:large","max-video-preview":"max-video-preview:-1"},"canonical":"https:\/\/hx-terraristik.de\/?page_id=10","og_locale":"de_DE","og_type":"article","og_title":"Impressum und Kontakt - HX-Terraristik","og_description":"HX-Terraristik Inhaber: Mike Dargel Kampschulteweg 4 37671 H\u00f6xter Gesch\u00e4ftsf\u00fchrung: Mike [...]","og_url":"https:\/\/hx-terraristik.de\/?page_id=10","og_site_name":"HX-Terraristik","article_modified_time":"2019-03-03T17:02:42+00:00","twitter_card":"summary_large_image","twitter_misc":{"Gesch\u00e4tzte Lesezeit":"3\u00a0Minuten"},"schema":{"@context":"https:\/\/schema.org","@graph":[{"@type":"WebPage","@id":"https:\/\/hx-terraristik.de\/?page_id=10","url":"https:\/\/hx-terraristik.de\/?page_id=10","name":"Impressum und Kontakt - HX-Terraristik","isPartOf":{"@id":"https:\/\/hx-terraristik.de\/#website"},"datePublished":"2014-02-09T23:00:29+00:00","dateModified":"2019-03-03T17:02:42+00:00","breadcrumb":{"@id":"https:\/\/hx-terraristik.de\/?page_id=10#breadcrumb"},"inLanguage":"de","potentialAction":[{"@type":"ReadAction","target":["https:\/\/hx-terraristik.de\/?page_id=10"]}]},{"@type":"BreadcrumbList","@id":"https:\/\/hx-terraristik.de\/?page_id=10#breadcrumb","itemListElement":[{"@type":"ListItem","position":1,"name":"Startseite","item":"https:\/\/hx-terraristik.de\/"},{"@type":"ListItem","position":2,"name":"Impressum und Kontakt"}]},{"@type":"WebSite","@id":"https:\/\/hx-terraristik.de\/#website","url":"https:\/\/hx-terraristik.de\/","name":"HX-Terraristik","description":"Der Terrarienbau-Spezialist","potentialAction":[{"@type":"SearchAction","target":{"@type":"EntryPoint","urlTemplate":"https:\/\/hx-terraristik.de\/?s={search_term_string}"},"query-input":{"@type":"PropertyValueSpecification","valueRequired":true,"valueName":"search_term_string"}}],"inLanguage":"de"}]}},"_links":{"self":[{"href":"https:\/\/hx-terraristik.de\/index.php?rest_route=\/wp\/v2\/pages\/10","targetHints":{"allow":["GET"]}}],"collection":[{"href":"https:\/\/hx-terraristik.de\/index.php?rest_route=\/wp\/v2\/pages"}],"about":[{"href":"https:\/\/hx-terraristik.de\/index.php?rest_route=\/wp\/v2\/types\/page"}],"author":[{"embeddable":true,"href":"https:\/\/hx-terraristik.de\/index.php?rest_route=\/wp\/v2\/users\/1"}],"replies":[{"embeddable":true,"href":"https:\/\/hx-terraristik.de\/index.php?rest_route=%2Fwp%2Fv2%2Fcomments&post=10"}],"version-history":[{"count":0,"href":"https:\/\/hx-terraristik.de\/index.php?rest_route=\/wp\/v2\/pages\/10\/revisions"}],"wp:attachment":[{"href":"https:\/\/hx-terraristik.de\/index.php?rest_route=%2Fwp%2Fv2%2Fmedia&parent=10"}],"curies":[{"name":"wp","href":"https:\/\/api.w.org\/{rel}","templated":true}]}}